{"id":505,"date":"2017-05-23T07:56:53","date_gmt":"2017-05-23T07:56:53","guid":{"rendered":"http:\/\/handmade.omnicom-dev.com\/main-demo\/?page_id=505"},"modified":"2017-05-23T07:56:53","modified_gmt":"2017-05-23T07:56:53","slug":"location","status":"publish","type":"page","link":"https:\/\/www.chillidivi.sk\/?page_id=505","title":{"rendered":"Location"},"content":{"rendered":"\n\t\t\t\t<section id=\"bt_bb_section69ecd00b7686e\" class=\"bt_bb_section bt_bb_color_scheme_1 bt_bb_layout_boxed_1200 bt_bb_vertical_align_top bt_bb_top_spacing_large bt_bb_bottom_spacing_large\" style=\"; --section-primary-color:#ffffff; --section-secondary-color:#191919;\" data-bt-override-class=\"null\"><div class=\"bt_bb_port\"><div class=\"bt_bb_cell\"><div class=\"bt_bb_cell_inner\"><div class=\"bt_bb_row_wrapper\"><div  class=\"bt_bb_row\"  data-bt-override-class=\"{}\"><div  class=\"bt_bb_column col-xxl-6 col-xl-6 bt_bb_vertical_align_top bt_bb_align_left bt_bb_padding_normal\"  data-width=\"6\" data-bt-override-class=\"{}\"><div class=\"bt_bb_column_content\"><div class=\"bt_bb_column_content_inner\"><div class=\"bt_bb_separator bt_bb_border_style_none bt_bb_top_spacing_medium\" data-bt-override-class=\"null\"><\/div><header class=\"bt_bb_headline bt_bb_dash_none bt_bb_subheadline bt_bb_size_normal bt_bb_align_inherit\" data-bt-override-class=\"{}\"><h1 class=\"bt_bb_headline_tag\"><span class=\"bt_bb_headline_content\"><span>SIGNATURE ARTWORK<\/span><\/span><\/h1><div class=\"bt_bb_headline_subheadline\">Manufacturing is our life, so don\u2019t waste time wearing all kind of other things.<\/div><\/header><\/div><\/div><\/div><div  class=\"bt_bb_column col-xxl-6 col-xl-6 bt_bb_vertical_align_top bt_bb_align_left bt_bb_padding_normal\"  data-width=\"6\" data-bt-override-class=\"{}\"><div class=\"bt_bb_column_content\"><div class=\"bt_bb_column_content_inner\"><\/div><\/div><\/div><\/div><\/div><\/div><!-- cell_inner --><\/div><!-- cell --><\/div><!-- port --><\/section><section id=\"bt_bb_section69ecd00b76f00\" class=\"bt_bb_section bt_bb_layout_wide bt_bb_vertical_align_top\"  data-bt-override-class=\"null\"><div class=\"bt_bb_port\"><div class=\"bt_bb_cell\"><div class=\"bt_bb_cell_inner\"><div class=\"bt_bb_row_wrapper\"><div  class=\"bt_bb_row\"  data-bt-override-class=\"{}\"><div  class=\"bt_bb_column col-xxl-12 col-xl-12 bt_bb_vertical_align_top bt_bb_align_left bt_bb_padding_normal\"  data-width=\"12\" data-bt-override-class=\"{}\"><div class=\"bt_bb_column_content\"><div class=\"bt_bb_column_content_inner\"><div class=\"bt_bb_google_maps bt_bb_map bt_bb_map_type_interactive bt_bb_google_maps_with_content bt_bb_map_with_content\" data-center=\"no\"><div class=\"bt_bb_google_maps_map bt_bb_map_map\" id=\"map_canvas69ecd00b7733b\" data-height=\"0\" data-api-key=\"AIzaSyD9WUYbG6u8tgo3EBwWDk1XLgWNzbKUf44\" data-map-type=\"interactive\" data-zoom=\"15\" data-init-finished=\"false\" data-custom-style=\"W3siZmVhdHVyZVR5cGUiOiJhZG1pbmlzdHJhdGl2ZSIsImVsZW1lbnRUeXBlIjoibGFiZWxzLnRleHQuZmlsbCIsInN0eWxlcnMiOlt7ImNvbG9yIjoiIzQ0NDQ0NCJ9XX0seyJmZWF0dXJlVHlwZSI6ImxhbmRzY2FwZSIsImVsZW1lbnRUeXBlIjoiYWxsIiwic3R5bGVycyI6W3siY29sb3IiOiIjZjJmMmYyIn1dfSx7ImZlYXR1cmVUeXBlIjoicG9pIiwiZWxlbWVudFR5cGUiOiJhbGwiLCJzdHlsZXJzIjpbeyJ2aXNpYmlsaXR5Ijoib2ZmIn1dfSx7ImZlYXR1cmVUeXBlIjoicm9hZCIsImVsZW1lbnRUeXBlIjoiYWxsIiwic3R5bGVycyI6W3sic2F0dXJhdGlvbiI6LTEwMH0seyJsaWdodG5lc3MiOjQ1fV19LHsiZmVhdHVyZVR5cGUiOiJyb2FkLmhpZ2h3YXkiLCJlbGVtZW50VHlwZSI6ImFsbCIsInN0eWxlcnMiOlt7InZpc2liaWxpdHkiOiJzaW1wbGlmaWVkIn1dfSx7ImZlYXR1cmVUeXBlIjoicm9hZC5hcnRlcmlhbCIsImVsZW1lbnRUeXBlIjoibGFiZWxzLmljb24iLCJzdHlsZXJzIjpbeyJ2aXNpYmlsaXR5Ijoib2ZmIn1dfSx7ImZlYXR1cmVUeXBlIjoidHJhbnNpdCIsImVsZW1lbnRUeXBlIjoiYWxsIiwic3R5bGVycyI6W3sidmlzaWJpbGl0eSI6Im9mZiJ9XX0seyJmZWF0dXJlVHlwZSI6IndhdGVyIiwiZWxlbWVudFR5cGUiOiJhbGwiLCJzdHlsZXJzIjpbeyJjb2xvciI6IiNkMGEzNGUifSx7InZpc2liaWxpdHkiOiJvbiJ9XX1d\"><\/div><span class=\"bt_bb_google_maps_content_toggler bt_bb_map_content_toggler\"><\/span><div class=\"bt_bb_google_maps_content bt_bb_map_content\"><div class=\"bt_bb_google_maps_content_wrapper bt_bb_map_content_wrapper\"><div class=\"bt_bb_google_maps_location bt_bb_map_location\" data-lat=\"-37.812098\" data-lng=\"144.998054\" data-icon=\"https:\/\/www.chillidivi.sk\/wp-content\/uploads\/2017\/05\/pin.png\"><div class=\"bt_bb_separator bt_bb_border_style_none bt_bb_bottom_spacing_normal\" data-bt-override-class=\"null\"><\/div><header class=\"bt_bb_headline bt_bb_dash_none bt_bb_size_extrasmall bt_bb_align_inherit\" data-bt-override-class=\"{}\"><h2 class=\"bt_bb_headline_tag\"><span class=\"bt_bb_headline_content\"><span>We\u2019re in Melbourne,<br \/>\nAustralia<\/span><\/span><\/h2><\/header><div class=\"bt_bb_separator bt_bb_border_style_none bt_bb_bottom_spacing_small\" data-bt-override-class=\"null\"><\/div><div  class=\"bt_bb_text\" ><div class=\"bt_bb_text\">\n<p>Stop by, say hello,<br \/>\nwe are open every day<br \/>\nfrom 2PM to 8PM.<\/p>\n<\/div>\n<\/div><div class=\"bt_bb_separator bt_bb_border_style_none bt_bb_top_spacing_extra_small\" data-bt-override-class=\"null\"><\/div><div class=\"bt_bb_separator bt_bb_border_style_solid bt_bb_top_spacing_small bt_bb_bottom_spacing_normal\" data-bt-override-class=\"null\"><\/div><div class=\"bt_bb_icon bt_bb_color_scheme_3 bt_bb_style_borderless bt_bb_size_small bt_bb_shape_circle bt_bb_target_self bt_bb_align_inherit\" style=\"; --primary-color:#ea8400; --secondary-color:#191919;\" data-bt-override-class=\"{}\"><a href=\"#\"  target=\"_self\"  title=\"24 Nelson St, Melbourne\"  data-ico-fontawesome=\"&#xf279;\" class=\"bt_bb_icon_holder\"><span>24 Nelson St, Melbourne<\/span><\/a><\/div><div class=\"bt_bb_separator bt_bb_border_style_none bt_bb_bottom_spacing_small\" data-bt-override-class=\"null\"><\/div><div class=\"bt_bb_icon bt_bb_color_scheme_3 bt_bb_style_borderless bt_bb_size_small bt_bb_shape_circle bt_bb_target_self bt_bb_align_inherit\" style=\"; --primary-color:#ea8400; --secondary-color:#191919;\" data-bt-override-class=\"{}\"><a href=\"#\"  target=\"_self\"  title=\"2 PM - 8 PM\"  data-ico-fontawesome=\"&#xf251;\" class=\"bt_bb_icon_holder\"><span>2 PM - 8 PM<\/span><\/a><\/div><div class=\"bt_bb_separator bt_bb_border_style_none bt_bb_bottom_spacing_small\" data-bt-override-class=\"null\"><\/div><div class=\"bt_bb_icon bt_bb_style_borderless bt_bb_size_small bt_bb_shape_circle bt_bb_target_self bt_bb_align_inherit\" data-bt-override-class=\"{}\"><a href=\"#\"  target=\"_self\"  title=\"+ 345 546 67 6789\"  data-ico-fontawesome=\"&#xf095;\" class=\"bt_bb_icon_holder\"><span>+ 345 546 67 6789<\/span><\/a><\/div><div class=\"bt_bb_separator bt_bb_border_style_none bt_bb_bottom_spacing_small\" data-bt-override-class=\"null\"><\/div><div class=\"bt_bb_icon bt_bb_style_borderless bt_bb_size_small bt_bb_shape_circle bt_bb_target_self bt_bb_align_inherit\" data-bt-override-class=\"{}\"><a href=\"mailto:handmakers@bold-themes.com\"  target=\"_self\"  title=\"handmakers@bold-themes.com\"  data-ico-fontawesome=\"&#xf1d8;\" class=\"bt_bb_icon_holder\"><span>handmakers@bold-themes.com<\/span><\/a><\/div><div class=\"bt_bb_separator bt_bb_border_style_none bt_bb_bottom_spacing_normal\" data-bt-override-class=\"null\"><\/div><\/div><div class=\"bt_bb_google_maps_location bt_bb_map_location\" data-lat=\"-37.8130219\" data-lng=\"145.0049224\" data-icon=\"https:\/\/www.chillidivi.sk\/wp-content\/uploads\/2017\/05\/pin.png\"><div class=\"bt_bb_separator bt_bb_border_style_none bt_bb_bottom_spacing_normal\" data-bt-override-class=\"null\"><\/div><header class=\"bt_bb_headline bt_bb_dash_none bt_bb_size_extrasmall bt_bb_align_inherit\" data-bt-override-class=\"{}\"><h2 class=\"bt_bb_headline_tag\"><span class=\"bt_bb_headline_content\"><span>Visit us in Nelson St,<br \/>\nMelbourne<\/span><\/span><\/h2><\/header><div class=\"bt_bb_separator bt_bb_border_style_none bt_bb_bottom_spacing_small\" data-bt-override-class=\"null\"><\/div><div  class=\"bt_bb_text\" ><div class=\"bt_bb_text\">\n<p>Our second location,<br \/>\nwe are open every day<br \/>\nfrom 1PM to 10PM.<\/p>\n<\/div>\n<\/div><div class=\"bt_bb_separator bt_bb_border_style_solid bt_bb_top_spacing_normal bt_bb_bottom_spacing_normal\" data-bt-override-class=\"null\"><\/div><div class=\"bt_bb_icon bt_bb_color_scheme_3 bt_bb_style_borderless bt_bb_size_small bt_bb_shape_circle bt_bb_target_self bt_bb_align_inherit\" style=\"; --primary-color:#ea8400; --secondary-color:#191919;\" data-bt-override-class=\"{}\"><a href=\"#\"  target=\"_self\"  title=\"24 Nelson St, Melbourne\"  data-ico-fontawesome=\"&#xf279;\" class=\"bt_bb_icon_holder\"><span>24 Nelson St, Melbourne<\/span><\/a><\/div><div class=\"bt_bb_separator bt_bb_border_style_none bt_bb_bottom_spacing_small\" data-bt-override-class=\"null\"><\/div><div class=\"bt_bb_icon bt_bb_color_scheme_3 bt_bb_style_borderless bt_bb_size_small bt_bb_shape_circle bt_bb_target_self bt_bb_align_inherit\" style=\"; --primary-color:#ea8400; --secondary-color:#191919;\" data-bt-override-class=\"{}\"><a href=\"#\"  target=\"_self\"  title=\"2 PM - 8 PM\"  data-ico-fontawesome=\"&#xf251;\" class=\"bt_bb_icon_holder\"><span>2 PM - 8 PM<\/span><\/a><\/div><div class=\"bt_bb_separator bt_bb_border_style_none bt_bb_bottom_spacing_small\" data-bt-override-class=\"null\"><\/div><div class=\"bt_bb_icon bt_bb_style_borderless bt_bb_size_small bt_bb_shape_circle bt_bb_target_self bt_bb_align_inherit\" data-bt-override-class=\"{}\"><a href=\"#\"  target=\"_self\"  title=\"+ 345 546 67 6789\"  data-ico-fontawesome=\"&#xf095;\" class=\"bt_bb_icon_holder\"><span>+ 345 546 67 6789<\/span><\/a><\/div><div class=\"bt_bb_separator bt_bb_border_style_none bt_bb_bottom_spacing_small\" data-bt-override-class=\"null\"><\/div><div class=\"bt_bb_icon bt_bb_style_borderless bt_bb_size_small bt_bb_shape_circle bt_bb_target_self bt_bb_align_inherit\" data-bt-override-class=\"{}\"><a href=\"mailto:handmakers@bold-themes.com\"  target=\"_self\"  title=\"handmakers@bold-themes.com\"  data-ico-fontawesome=\"&#xf1d8;\" class=\"bt_bb_icon_holder\"><span>handmakers@bold-themes.com<\/span><\/a><\/div><div class=\"bt_bb_separator bt_bb_border_style_none bt_bb_bottom_spacing_normal\" data-bt-override-class=\"null\"><\/div><\/div><\/div><\/div><\/div><\/div><\/div><\/div><\/div><\/div><\/div><!-- cell_inner --><\/div><!-- cell --><\/div><!-- port --><\/section>\t\t","protected":false},"excerpt":{"rendered":"","protected":false},"author":1,"featured_media":0,"parent":1236,"menu_order":0,"comment_status":"closed","ping_status":"closed","template":"","meta":{"_mi_skip_tracking":false},"yoast_head":"<!-- This site is optimized with the Yoast SEO plugin v15.9.2 - https:\/\/yoast.com\/wordpress\/plugins\/seo\/ -->\n<title>Location - chillidivi<\/title>\n<meta name=\"robots\" content=\"index, follow, max-snippet:-1, max-image-preview:large, max-video-preview:-1\" \/>\n<link rel=\"canonical\" href=\"https:\/\/www.chillidivi.sk\/?page_id=505\" \/>\n<meta property=\"og:locale\" content=\"sk_SK\" \/>\n<meta property=\"og:type\" content=\"article\" \/>\n<meta property=\"og:title\" content=\"Location - chillidivi\" \/>\n<meta property=\"og:url\" content=\"https:\/\/www.chillidivi.sk\/?page_id=505\" \/>\n<meta property=\"og:site_name\" content=\"chillidivi\" \/>\n<meta property=\"article:publisher\" content=\"https:\/\/www.facebook.com\/Chilli-farma-Div%c3%adn-167433027231322\" \/>\n<meta name=\"twitter:card\" content=\"summary_large_image\" \/>\n<meta name=\"twitter:label1\" content=\"Predpokladan\u00fd \u010das \u010d\u00edtania\">\n\t<meta name=\"twitter:data1\" content=\"6 min\u00fat\">\n<script type=\"application\/ld+json\" class=\"yoast-schema-graph\">{\"@context\":\"https:\/\/schema.org\",\"@graph\":[{\"@type\":\"WebSite\",\"@id\":\"https:\/\/www.chillidivi.sk\/#website\",\"url\":\"https:\/\/www.chillidivi.sk\/\",\"name\":\"chillidivi\",\"description\":\"\\u010dili produkty z farmy\",\"potentialAction\":[{\"@type\":\"SearchAction\",\"target\":\"https:\/\/www.chillidivi.sk\/?s={search_term_string}\",\"query-input\":\"required name=search_term_string\"}],\"inLanguage\":\"sk-SK\"},{\"@type\":\"WebPage\",\"@id\":\"https:\/\/www.chillidivi.sk\/?page_id=505#webpage\",\"url\":\"https:\/\/www.chillidivi.sk\/?page_id=505\",\"name\":\"Location - chillidivi\",\"isPartOf\":{\"@id\":\"https:\/\/www.chillidivi.sk\/#website\"},\"datePublished\":\"2017-05-23T07:56:53+00:00\",\"dateModified\":\"2017-05-23T07:56:53+00:00\",\"breadcrumb\":{\"@id\":\"https:\/\/www.chillidivi.sk\/?page_id=505#breadcrumb\"},\"inLanguage\":\"sk-SK\",\"potentialAction\":[{\"@type\":\"ReadAction\",\"target\":[\"https:\/\/www.chillidivi.sk\/?page_id=505\"]}]},{\"@type\":\"BreadcrumbList\",\"@id\":\"https:\/\/www.chillidivi.sk\/?page_id=505#breadcrumb\",\"itemListElement\":[{\"@type\":\"ListItem\",\"position\":1,\"item\":{\"@type\":\"WebPage\",\"@id\":\"https:\/\/www.chillidivi.sk\/\",\"url\":\"https:\/\/www.chillidivi.sk\/\",\"name\":\"Home\"}},{\"@type\":\"ListItem\",\"position\":2,\"item\":{\"@type\":\"WebPage\",\"@id\":\"https:\/\/www.chillidivi.sk\/?page_id=1236\",\"url\":\"https:\/\/www.chillidivi.sk\/?page_id=1236\",\"name\":\"O n\\u00e1s\"}},{\"@type\":\"ListItem\",\"position\":3,\"item\":{\"@type\":\"WebPage\",\"@id\":\"https:\/\/www.chillidivi.sk\/?page_id=505\",\"url\":\"https:\/\/www.chillidivi.sk\/?page_id=505\",\"name\":\"Location\"}}]}]}<\/script>\n<!-- \/ Yoast SEO plugin. -->","_links":{"self":[{"href":"https:\/\/www.chillidivi.sk\/index.php?rest_route=\/wp\/v2\/pages\/505"}],"collection":[{"href":"https:\/\/www.chillidivi.sk\/index.php?rest_route=\/wp\/v2\/pages"}],"about":[{"href":"https:\/\/www.chillidivi.sk\/index.php?rest_route=\/wp\/v2\/types\/page"}],"author":[{"embeddable":true,"href":"https:\/\/www.chillidivi.sk\/index.php?rest_route=\/wp\/v2\/users\/1"}],"replies":[{"embeddable":true,"href":"https:\/\/www.chillidivi.sk\/index.php?rest_route=%2Fwp%2Fv2%2Fcomments&post=505"}],"version-history":[{"count":0,"href":"https:\/\/www.chillidivi.sk\/index.php?rest_route=\/wp\/v2\/pages\/505\/revisions"}],"up":[{"embeddable":true,"href":"https:\/\/www.chillidivi.sk\/index.php?rest_route=\/wp\/v2\/pages\/1236"}],"wp:attachment":[{"href":"https:\/\/www.chillidivi.sk\/index.php?rest_route=%2Fwp%2Fv2%2Fmedia&parent=505"}],"curies":[{"name":"wp","href":"https:\/\/api.w.org\/{rel}","templated":true}]}}