{"id":2429,"date":"2020-12-07T00:52:13","date_gmt":"2020-12-06T23:52:13","guid":{"rendered":"https:\/\/www.chillidivi.sk\/?page_id=2429"},"modified":"2020-12-07T02:49:37","modified_gmt":"2020-12-07T01:49:37","slug":"galeria-chillidivi","status":"publish","type":"page","link":"https:\/\/www.chillidivi.sk\/?page_id=2429","title":{"rendered":"gal\u00e9ria CHILLIDIVI"},"content":{"rendered":"<section id=\"bt_bb_section69ecbbd82e0a5\" class=\"bt_bb_section bt_bb_layout_boxed_1200\"  data-bt-override-class=\"null\"><div class=\"bt_bb_port\"><div class=\"bt_bb_cell\"><div class=\"bt_bb_cell_inner\"><div class=\"bt_bb_row_wrapper\"><div  class=\"bt_bb_row\"  data-bt-override-class=\"{}\"><div  class=\"bt_bb_column col-xxl-12 col-xl-12 bt_bb_vertical_align_top bt_bb_align_left bt_bb_padding_normal\"  data-width=\"12\" data-bt-override-class=\"{}\"><div class=\"bt_bb_column_content\"><div class=\"bt_bb_column_content_inner\"><div class=\"bt_bb_image bt_bb_shape_square bt_bb_target_self bt_bb_align_inherit bt_bb_hover_style_simple bt_bb_content_display_always bt_bb_content_align_middle\" data-bt-override-class=\"{}\"><span><img width=\"1778\" height=\"1000\" src=\"https:\/\/www.chillidivi.sk\/wp-content\/uploads\/2020\/11\/mirec_family_12.jpg\" class=\"attachment-full size-full\" alt=\"https:\/\/www.chillidivi.sk\/wp-content\/uploads\/2020\/11\/mirec_family_12.jpg\" loading=\"lazy\" data-full_image_src=\"https:\/\/www.chillidivi.sk\/wp-content\/uploads\/2020\/11\/mirec_family_12.jpg\" title=\"mirec_family_12\" srcset=\"https:\/\/www.chillidivi.sk\/wp-content\/uploads\/2020\/11\/mirec_family_12.jpg 1778w, https:\/\/www.chillidivi.sk\/wp-content\/uploads\/2020\/11\/mirec_family_12-640x360.jpg 640w, https:\/\/www.chillidivi.sk\/wp-content\/uploads\/2020\/11\/mirec_family_12-1280x720.jpg 1280w, https:\/\/www.chillidivi.sk\/wp-content\/uploads\/2020\/11\/mirec_family_12-768x432.jpg 768w, https:\/\/www.chillidivi.sk\/wp-content\/uploads\/2020\/11\/mirec_family_12-1536x864.jpg 1536w, https:\/\/www.chillidivi.sk\/wp-content\/uploads\/2020\/11\/mirec_family_12-320x180.jpg 320w, https:\/\/www.chillidivi.sk\/wp-content\/uploads\/2020\/11\/mirec_family_12-600x337.jpg 600w\" sizes=\"(max-width: 1778px) 100vw, 1778px\" \/><\/span><\/div><\/div><\/div><\/div><\/div><\/div><div class=\"bt_bb_row_wrapper\"><div  class=\"bt_bb_row\"  data-bt-override-class=\"{}\"><div  class=\"bt_bb_column col-xxl-12 col-xl-12 bt_bb_vertical_align_top bt_bb_align_left bt_bb_padding_normal\"  data-width=\"12\" data-bt-override-class=\"{}\"><div class=\"bt_bb_column_content\"><div class=\"bt_bb_column_content_inner\"><div class=\"bt_bb_separator bt_bb_border_style_none bt_bb_top_spacing_small bt_bb_bottom_spacing_small\" data-bt-override-class=\"null\"><\/div><header class=\"bt_bb_headline bt_bb_dash_none bt_bb_superheadline bt_bb_size_inherit bt_bb_align_inherit\" data-bt-override-class=\"{}\"><h1 class=\"bt_bb_headline_tag\"><span class=\"bt_bb_headline_superheadline\">na\u0161a farma<\/span><span class=\"bt_bb_headline_content\"><span>Chillidivi<\/span><\/span><\/h1><\/header><div class=\"bt_bb_separator bt_bb_border_style_none bt_bb_top_spacing_small bt_bb_bottom_spacing_small\" data-bt-override-class=\"null\"><\/div><\/div><\/div><\/div><\/div><\/div><\/div><!-- cell_inner --><\/div><!-- cell --><\/div><!-- port --><\/section><section id=\"bt_bb_section69ecbbd82ecaf\" class=\"bt_bb_section bt_bb_layout_boxed_1200\"  data-bt-override-class=\"null\"><div class=\"bt_bb_port\"><div class=\"bt_bb_cell\"><div class=\"bt_bb_cell_inner\"><div class=\"bt_bb_row_wrapper\"><div  class=\"bt_bb_row\"  data-bt-override-class=\"{}\"><div  class=\"bt_bb_column col-xxl-12 col-xl-12 bt_bb_vertical_align_top bt_bb_align_left bt_bb_padding_normal\"  data-width=\"12\" data-bt-override-class=\"{}\"><div class=\"bt_bb_column_content\"><div class=\"bt_bb_column_content_inner\"><div class=\"bt_bb_image bt_bb_shape_square bt_bb_target_self bt_bb_align_inherit bt_bb_hover_style_simple bt_bb_content_display_always bt_bb_content_align_middle\" data-bt-override-class=\"{}\"><span><img width=\"1778\" height=\"640\" src=\"https:\/\/www.chillidivi.sk\/wp-content\/uploads\/2020\/11\/mirec_family_22-e1605397824250.jpg\" class=\"attachment-full size-full\" alt=\"https:\/\/www.chillidivi.sk\/wp-content\/uploads\/2020\/11\/mirec_family_22-e1605397824250.jpg\" loading=\"lazy\" data-full_image_src=\"https:\/\/www.chillidivi.sk\/wp-content\/uploads\/2020\/11\/mirec_family_22-e1605397824250.jpg\" title=\"mirec_family_22\" srcset=\"https:\/\/www.chillidivi.sk\/wp-content\/uploads\/2020\/11\/mirec_family_22-e1605397824250.jpg 1778w, https:\/\/www.chillidivi.sk\/wp-content\/uploads\/2020\/11\/mirec_family_22-e1605397824250-640x230.jpg 640w, https:\/\/www.chillidivi.sk\/wp-content\/uploads\/2020\/11\/mirec_family_22-e1605397824250-1280x461.jpg 1280w, https:\/\/www.chillidivi.sk\/wp-content\/uploads\/2020\/11\/mirec_family_22-e1605397824250-768x276.jpg 768w, https:\/\/www.chillidivi.sk\/wp-content\/uploads\/2020\/11\/mirec_family_22-e1605397824250-1536x553.jpg 1536w, https:\/\/www.chillidivi.sk\/wp-content\/uploads\/2020\/11\/mirec_family_22-e1605397824250-320x115.jpg 320w, https:\/\/www.chillidivi.sk\/wp-content\/uploads\/2020\/11\/mirec_family_22-e1605397824250-600x216.jpg 600w\" sizes=\"(max-width: 1778px) 100vw, 1778px\" \/><\/span><\/div><div class=\"bt_bb_separator bt_bb_border_style_none bt_bb_top_spacing_small bt_bb_bottom_spacing_small\" data-bt-override-class=\"null\"><\/div><\/div><\/div><\/div><\/div><\/div><\/div><!-- cell_inner --><\/div><!-- cell --><\/div><!-- port --><\/section><section id=\"bt_bb_section69ecbbd82feb2\" class=\"bt_bb_section bt_bb_layout_boxed_1200\"  data-bt-override-class=\"null\"><div class=\"bt_bb_port\"><div class=\"bt_bb_cell\"><div class=\"bt_bb_cell_inner\"><div class=\"bt_bb_row_wrapper\"><div  class=\"bt_bb_row\"  data-bt-override-class=\"{}\"><div  class=\"bt_bb_column col-xxl-12 col-xl-12 bt_bb_vertical_align_top bt_bb_align_left bt_bb_padding_normal\"  data-width=\"12\" data-bt-override-class=\"{}\"><div class=\"bt_bb_column_content\"><div class=\"bt_bb_column_content_inner\"><div class=\"bt_bb_masonry_image_grid bt_bb_grid_container bt_bb_columns_3 bt_bb_gap_small\" data-columns=\"3\"><div class=\"bt_bb_masonry_post_image_content\" data-columns=\"3\"><div class=\"bt_bb_grid_sizer\"><\/div><div class=\"bt_bb_grid_item bt_bb_tile_format11\" data-hw=\"0.54\" data-src=\"https:\/\/www.chillidivi.sk\/wp-content\/uploads\/2020\/11\/DSC_0535-e1605388146153-1280x691.jpg\" data-src-full=\"https:\/\/www.chillidivi.sk\/wp-content\/uploads\/2020\/11\/DSC_0535-e1605388146153-1280x691.jpg\" data-title=\"DSC_0535\"><div class=\"bt_bb_grid_item_inner\" data-hw=\"0.54\" ><div class=\"bt_bb_grid_item_inner_image\"><\/div><div class=\"bt_bb_grid_item_inner_content\"><\/div><\/div><\/div><div class=\"bt_bb_grid_item bt_bb_tile_format11\" data-hw=\"1.0525\" data-src=\"https:\/\/www.chillidivi.sk\/wp-content\/uploads\/2017\/05\/20201116_182023-1280x1347.jpg\" data-src-full=\"https:\/\/www.chillidivi.sk\/wp-content\/uploads\/2017\/05\/20201116_182023-1280x1347.jpg\" data-title=\"20201116_182023\"><div class=\"bt_bb_grid_item_inner\" data-hw=\"1.0525\" ><div class=\"bt_bb_grid_item_inner_image\"><\/div><div class=\"bt_bb_grid_item_inner_content\"><\/div><\/div><\/div><div class=\"bt_bb_grid_item bt_bb_tile_format11\" data-hw=\"0.673333333333\" data-src=\"https:\/\/www.chillidivi.sk\/wp-content\/uploads\/2017\/05\/20201116_1701271-1280x862.jpg\" data-src-full=\"https:\/\/www.chillidivi.sk\/wp-content\/uploads\/2017\/05\/20201116_1701271-1280x862.jpg\" data-title=\"20201116_170127(1)\"><div class=\"bt_bb_grid_item_inner\" data-hw=\"0.673333333333\" ><div class=\"bt_bb_grid_item_inner_image\"><\/div><div class=\"bt_bb_grid_item_inner_content\"><\/div><\/div><\/div><div class=\"bt_bb_grid_item bt_bb_tile_format11\" data-hw=\"1.05333333333\" data-src=\"https:\/\/www.chillidivi.sk\/wp-content\/uploads\/2017\/05\/20201106_122857-1280x1348.jpg\" data-src-full=\"https:\/\/www.chillidivi.sk\/wp-content\/uploads\/2017\/05\/20201106_122857-1280x1348.jpg\" data-title=\"20201106_122857\"><div class=\"bt_bb_grid_item_inner\" data-hw=\"1.05333333333\" ><div class=\"bt_bb_grid_item_inner_image\"><\/div><div class=\"bt_bb_grid_item_inner_content\"><\/div><\/div><\/div><div class=\"bt_bb_grid_item bt_bb_tile_format11\" data-hw=\"1.38333333333\" data-src=\"https:\/\/www.chillidivi.sk\/wp-content\/uploads\/2017\/05\/20201106_105902-1280x1771.jpg\" data-src-full=\"https:\/\/www.chillidivi.sk\/wp-content\/uploads\/2017\/05\/20201106_105902-1280x1771.jpg\" data-title=\"20201106_105902\"><div class=\"bt_bb_grid_item_inner\" data-hw=\"1.38333333333\" ><div class=\"bt_bb_grid_item_inner_image\"><\/div><div class=\"bt_bb_grid_item_inner_content\"><\/div><\/div><\/div><div class=\"bt_bb_grid_item bt_bb_tile_format11\" data-hw=\"1.08333333333\" data-src=\"https:\/\/www.chillidivi.sk\/wp-content\/uploads\/2017\/05\/20201106_101254-1280x1387.jpg\" data-src-full=\"https:\/\/www.chillidivi.sk\/wp-content\/uploads\/2017\/05\/20201106_101254-1280x1387.jpg\" data-title=\"20201106_101254\"><div class=\"bt_bb_grid_item_inner\" data-hw=\"1.08333333333\" ><div class=\"bt_bb_grid_item_inner_image\"><\/div><div class=\"bt_bb_grid_item_inner_content\"><\/div><\/div><\/div><div class=\"bt_bb_grid_item bt_bb_tile_format11\" data-hw=\"1.0875\" data-src=\"https:\/\/www.chillidivi.sk\/wp-content\/uploads\/2017\/05\/20201010_115437-1280x1392.jpg\" data-src-full=\"https:\/\/www.chillidivi.sk\/wp-content\/uploads\/2017\/05\/20201010_115437-1280x1392.jpg\" data-title=\"20201010_115437\"><div class=\"bt_bb_grid_item_inner\" data-hw=\"1.0875\" ><div class=\"bt_bb_grid_item_inner_image\"><\/div><div class=\"bt_bb_grid_item_inner_content\"><\/div><\/div><\/div><div class=\"bt_bb_grid_item bt_bb_tile_format11\" data-hw=\"1.03833333333\" data-src=\"https:\/\/www.chillidivi.sk\/wp-content\/uploads\/2017\/05\/20200926_213158-1280x1329.jpg\" data-src-full=\"https:\/\/www.chillidivi.sk\/wp-content\/uploads\/2017\/05\/20200926_213158-1280x1329.jpg\" data-title=\"20200926_213158\"><div class=\"bt_bb_grid_item_inner\" data-hw=\"1.03833333333\" ><div class=\"bt_bb_grid_item_inner_image\"><\/div><div class=\"bt_bb_grid_item_inner_content\"><\/div><\/div><\/div><div class=\"bt_bb_grid_item bt_bb_tile_format11\" data-hw=\"0.995833333333\" data-src=\"https:\/\/www.chillidivi.sk\/wp-content\/uploads\/2017\/05\/20200922_212621-1280x1275.jpg\" data-src-full=\"https:\/\/www.chillidivi.sk\/wp-content\/uploads\/2017\/05\/20200922_212621-1280x1275.jpg\" data-title=\"20200922_212621\"><div class=\"bt_bb_grid_item_inner\" data-hw=\"0.995833333333\" ><div class=\"bt_bb_grid_item_inner_image\"><\/div><div class=\"bt_bb_grid_item_inner_content\"><\/div><\/div><\/div><div class=\"bt_bb_grid_item bt_bb_tile_format11\" data-hw=\"1.47\" data-src=\"https:\/\/www.chillidivi.sk\/wp-content\/uploads\/2017\/05\/20200922_112727-1280x1882.jpg\" data-src-full=\"https:\/\/www.chillidivi.sk\/wp-content\/uploads\/2017\/05\/20200922_112727-1280x1882.jpg\" data-title=\"20200922_112727\"><div class=\"bt_bb_grid_item_inner\" data-hw=\"1.47\" ><div class=\"bt_bb_grid_item_inner_image\"><\/div><div class=\"bt_bb_grid_item_inner_content\"><\/div><\/div><\/div><div class=\"bt_bb_grid_item bt_bb_tile_format11\" data-hw=\"0.36\" data-src=\"https:\/\/www.chillidivi.sk\/wp-content\/uploads\/2020\/11\/mirec_family_22-e1605397824250-1280x461.jpg\" data-src-full=\"https:\/\/www.chillidivi.sk\/wp-content\/uploads\/2020\/11\/mirec_family_22-e1605397824250-1280x461.jpg\" data-title=\"mirec_family_22\"><div class=\"bt_bb_grid_item_inner\" data-hw=\"0.36\" ><div class=\"bt_bb_grid_item_inner_image\"><\/div><div class=\"bt_bb_grid_item_inner_content\"><\/div><\/div><\/div><div class=\"bt_bb_grid_item bt_bb_tile_format11\" data-hw=\"1.07333333333\" data-src=\"https:\/\/www.chillidivi.sk\/wp-content\/uploads\/2017\/05\/20200922_1122531-1280x1374.jpg\" data-src-full=\"https:\/\/www.chillidivi.sk\/wp-content\/uploads\/2017\/05\/20200922_1122531-1280x1374.jpg\" data-title=\"20200922_112253(1)\"><div class=\"bt_bb_grid_item_inner\" data-hw=\"1.07333333333\" ><div class=\"bt_bb_grid_item_inner_image\"><\/div><div class=\"bt_bb_grid_item_inner_content\"><\/div><\/div><\/div><div class=\"bt_bb_grid_item bt_bb_tile_format11\" data-hw=\"1.30333333333\" data-src=\"https:\/\/www.chillidivi.sk\/wp-content\/uploads\/2017\/05\/20200128_104904-1280x1668.jpg\" data-src-full=\"https:\/\/www.chillidivi.sk\/wp-content\/uploads\/2017\/05\/20200128_104904-1280x1668.jpg\" data-title=\"20200128_104904\"><div class=\"bt_bb_grid_item_inner\" data-hw=\"1.30333333333\" ><div class=\"bt_bb_grid_item_inner_image\"><\/div><div class=\"bt_bb_grid_item_inner_content\"><\/div><\/div><\/div><div class=\"bt_bb_grid_item bt_bb_tile_format11\" data-hw=\"1.06916666667\" data-src=\"https:\/\/www.chillidivi.sk\/wp-content\/uploads\/2017\/05\/20191104_105538-1280x1369.jpg\" data-src-full=\"https:\/\/www.chillidivi.sk\/wp-content\/uploads\/2017\/05\/20191104_105538-1280x1369.jpg\" data-title=\"20191104_105538\"><div class=\"bt_bb_grid_item_inner\" data-hw=\"1.06916666667\" ><div class=\"bt_bb_grid_item_inner_image\"><\/div><div class=\"bt_bb_grid_item_inner_content\"><\/div><\/div><\/div><div class=\"bt_bb_grid_item bt_bb_tile_format11\" data-hw=\"1.14833333333\" data-src=\"https:\/\/www.chillidivi.sk\/wp-content\/uploads\/2017\/05\/20191024_150456-1280x1470.jpg\" data-src-full=\"https:\/\/www.chillidivi.sk\/wp-content\/uploads\/2017\/05\/20191024_150456-1280x1470.jpg\" data-title=\"20191024_150456\"><div class=\"bt_bb_grid_item_inner\" data-hw=\"1.14833333333\" ><div class=\"bt_bb_grid_item_inner_image\"><\/div><div class=\"bt_bb_grid_item_inner_content\"><\/div><\/div><\/div><div class=\"bt_bb_grid_item bt_bb_tile_format11\" data-hw=\"1.17666666667\" data-src=\"https:\/\/www.chillidivi.sk\/wp-content\/uploads\/2017\/05\/20190903_162644-1280x1506.jpg\" data-src-full=\"https:\/\/www.chillidivi.sk\/wp-content\/uploads\/2017\/05\/20190903_162644-1280x1506.jpg\" data-title=\"20190903_162644\"><div class=\"bt_bb_grid_item_inner\" data-hw=\"1.17666666667\" ><div class=\"bt_bb_grid_item_inner_image\"><\/div><div class=\"bt_bb_grid_item_inner_content\"><\/div><\/div><\/div><div class=\"bt_bb_grid_item bt_bb_tile_format11\" data-hw=\"0.871666666667\" data-src=\"https:\/\/www.chillidivi.sk\/wp-content\/uploads\/2017\/05\/20190820_094626-1280x1116.jpg\" data-src-full=\"https:\/\/www.chillidivi.sk\/wp-content\/uploads\/2017\/05\/20190820_094626-1280x1116.jpg\" data-title=\"20190820_094626\"><div class=\"bt_bb_grid_item_inner\" data-hw=\"0.871666666667\" ><div class=\"bt_bb_grid_item_inner_image\"><\/div><div class=\"bt_bb_grid_item_inner_content\"><\/div><\/div><\/div><div class=\"bt_bb_grid_item bt_bb_tile_format11\" data-hw=\"0.945\" data-src=\"https:\/\/www.chillidivi.sk\/wp-content\/uploads\/2017\/05\/20190903_162701-1280x1210.jpg\" data-src-full=\"https:\/\/www.chillidivi.sk\/wp-content\/uploads\/2017\/05\/20190903_162701-1280x1210.jpg\" data-title=\"20190903_162701\"><div class=\"bt_bb_grid_item_inner\" data-hw=\"0.945\" ><div class=\"bt_bb_grid_item_inner_image\"><\/div><div class=\"bt_bb_grid_item_inner_content\"><\/div><\/div><\/div><div class=\"bt_bb_grid_item bt_bb_tile_format11\" data-hw=\"0.5625\" data-src=\"https:\/\/www.chillidivi.sk\/wp-content\/uploads\/2020\/11\/mirec_family_23-1280x720.jpg\" data-src-full=\"https:\/\/www.chillidivi.sk\/wp-content\/uploads\/2020\/11\/mirec_family_23-1280x720.jpg\" data-title=\"mirec_family_23\"><div class=\"bt_bb_grid_item_inner\" data-hw=\"0.5625\" ><div class=\"bt_bb_grid_item_inner_image\"><\/div><div class=\"bt_bb_grid_item_inner_content\"><\/div><\/div><\/div><div class=\"bt_bb_grid_item bt_bb_tile_format11\" data-hw=\"0.5625\" data-src=\"https:\/\/www.chillidivi.sk\/wp-content\/uploads\/2020\/11\/mirec_family_13-1280x720.jpg\" data-src-full=\"https:\/\/www.chillidivi.sk\/wp-content\/uploads\/2020\/11\/mirec_family_13-1280x720.jpg\" data-title=\"mirec_family_13\"><div class=\"bt_bb_grid_item_inner\" data-hw=\"0.5625\" ><div class=\"bt_bb_grid_item_inner_image\"><\/div><div class=\"bt_bb_grid_item_inner_content\"><\/div><\/div><\/div><div class=\"bt_bb_grid_item bt_bb_tile_format11\" data-hw=\"0.5625\" data-src=\"https:\/\/www.chillidivi.sk\/wp-content\/uploads\/2020\/11\/jesenica_17-1280x720.jpg\" data-src-full=\"https:\/\/www.chillidivi.sk\/wp-content\/uploads\/2020\/11\/jesenica_17-1280x720.jpg\" data-title=\"jesenica_17\"><div class=\"bt_bb_grid_item_inner\" data-hw=\"0.5625\" ><div class=\"bt_bb_grid_item_inner_image\"><\/div><div class=\"bt_bb_grid_item_inner_content\"><\/div><\/div><\/div><\/div><\/div><div class=\"bt_bb_separator bt_bb_border_style_none bt_bb_top_spacing_small bt_bb_bottom_spacing_small\" data-bt-override-class=\"null\"><\/div><\/div><\/div><\/div><\/div><\/div><\/div><!-- cell_inner --><\/div><!-- cell --><\/div><!-- port --><\/section>","protected":false},"excerpt":{"rendered":"","protected":false},"author":1,"featured_media":0,"parent":0,"menu_order":0,"comment_status":"closed","ping_status":"closed","template":"","meta":{"_mi_skip_tracking":false},"yoast_head":"<!-- This site is optimized with the Yoast SEO plugin v15.9.2 - https:\/\/yoast.com\/wordpress\/plugins\/seo\/ -->\n<title>gal\u00e9ria CHILLIDIVI - chillidivi<\/title>\n<meta name=\"robots\" content=\"index, follow, max-snippet:-1, max-image-preview:large, max-video-preview:-1\" \/>\n<link rel=\"canonical\" href=\"https:\/\/www.chillidivi.sk\/?page_id=2429\" \/>\n<meta property=\"og:locale\" content=\"sk_SK\" \/>\n<meta property=\"og:type\" content=\"article\" \/>\n<meta property=\"og:title\" content=\"gal\u00e9ria CHILLIDIVI - chillidivi\" \/>\n<meta property=\"og:url\" content=\"https:\/\/www.chillidivi.sk\/?page_id=2429\" \/>\n<meta property=\"og:site_name\" content=\"chillidivi\" \/>\n<meta property=\"article:publisher\" content=\"https:\/\/www.facebook.com\/Chilli-farma-Div%c3%adn-167433027231322\" \/>\n<meta property=\"article:modified_time\" content=\"2020-12-07T01:49:37+00:00\" \/>\n<meta name=\"twitter:card\" content=\"summary_large_image\" \/>\n<meta name=\"twitter:label1\" content=\"Predpokladan\u00fd \u010das \u010d\u00edtania\">\n\t<meta name=\"twitter:data1\" content=\"2 min\u00faty\">\n<script type=\"application\/ld+json\" class=\"yoast-schema-graph\">{\"@context\":\"https:\/\/schema.org\",\"@graph\":[{\"@type\":\"WebSite\",\"@id\":\"https:\/\/www.chillidivi.sk\/#website\",\"url\":\"https:\/\/www.chillidivi.sk\/\",\"name\":\"chillidivi\",\"description\":\"\\u010dili produkty z farmy\",\"potentialAction\":[{\"@type\":\"SearchAction\",\"target\":\"https:\/\/www.chillidivi.sk\/?s={search_term_string}\",\"query-input\":\"required name=search_term_string\"}],\"inLanguage\":\"sk-SK\"},{\"@type\":\"WebPage\",\"@id\":\"https:\/\/www.chillidivi.sk\/?page_id=2429#webpage\",\"url\":\"https:\/\/www.chillidivi.sk\/?page_id=2429\",\"name\":\"gal\\u00e9ria CHILLIDIVI - chillidivi\",\"isPartOf\":{\"@id\":\"https:\/\/www.chillidivi.sk\/#website\"},\"datePublished\":\"2020-12-06T23:52:13+00:00\",\"dateModified\":\"2020-12-07T01:49:37+00:00\",\"breadcrumb\":{\"@id\":\"https:\/\/www.chillidivi.sk\/?page_id=2429#breadcrumb\"},\"inLanguage\":\"sk-SK\",\"potentialAction\":[{\"@type\":\"ReadAction\",\"target\":[\"https:\/\/www.chillidivi.sk\/?page_id=2429\"]}]},{\"@type\":\"BreadcrumbList\",\"@id\":\"https:\/\/www.chillidivi.sk\/?page_id=2429#breadcrumb\",\"itemListElement\":[{\"@type\":\"ListItem\",\"position\":1,\"item\":{\"@type\":\"WebPage\",\"@id\":\"https:\/\/www.chillidivi.sk\/\",\"url\":\"https:\/\/www.chillidivi.sk\/\",\"name\":\"Home\"}},{\"@type\":\"ListItem\",\"position\":2,\"item\":{\"@type\":\"WebPage\",\"@id\":\"https:\/\/www.chillidivi.sk\/?page_id=2429\",\"url\":\"https:\/\/www.chillidivi.sk\/?page_id=2429\",\"name\":\"gal\\u00e9ria CHILLIDIVI\"}}]}]}<\/script>\n<!-- \/ Yoast SEO plugin. -->","_links":{"self":[{"href":"https:\/\/www.chillidivi.sk\/index.php?rest_route=\/wp\/v2\/pages\/2429"}],"collection":[{"href":"https:\/\/www.chillidivi.sk\/index.php?rest_route=\/wp\/v2\/pages"}],"about":[{"href":"https:\/\/www.chillidivi.sk\/index.php?rest_route=\/wp\/v2\/types\/page"}],"author":[{"embeddable":true,"href":"https:\/\/www.chillidivi.sk\/index.php?rest_route=\/wp\/v2\/users\/1"}],"replies":[{"embeddable":true,"href":"https:\/\/www.chillidivi.sk\/index.php?rest_route=%2Fwp%2Fv2%2Fcomments&post=2429"}],"version-history":[{"count":6,"href":"https:\/\/www.chillidivi.sk\/index.php?rest_route=\/wp\/v2\/pages\/2429\/revisions"}],"predecessor-version":[{"id":2467,"href":"https:\/\/www.chillidivi.sk\/index.php?rest_route=\/wp\/v2\/pages\/2429\/revisions\/2467"}],"wp:attachment":[{"href":"https:\/\/www.chillidivi.sk\/index.php?rest_route=%2Fwp%2Fv2%2Fmedia&parent=2429"}],"curies":[{"name":"wp","href":"https:\/\/api.w.org\/{rel}","templated":true}]}}