{"id":1605,"date":"2017-06-16T13:09:23","date_gmt":"2017-06-16T13:09:23","guid":{"rendered":"http:\/\/handmade.omnicom-dev.com\/manufactura\/?page_id=1605"},"modified":"2021-01-18T01:22:27","modified_gmt":"2021-01-18T00:22:27","slug":"products","status":"publish","type":"page","link":"https:\/\/www.chillidivi.sk\/?page_id=1605","title":{"rendered":"Products"},"content":{"rendered":"<section id=\"bt_bb_section69ecd172215ee\" class=\"bt_bb_section bt_bb_color_scheme_1 bt_bb_layout_boxed_1200 bt_bb_vertical_align_middle bt_bb_top_spacing_large bt_bb_bottom_spacing_large\" style=\"; --section-primary-color:#ffffff; --section-secondary-color:#191919;\" data-bt-override-class=\"null\"><div class=\"bt_bb_background_image_holder_wrapper\"><div class=\"bt_bb_background_image_holder bt_bb_parallax\"  data-parallax=\"0.7\" data-parallax-offset=\"0\" data-parallax-zoom-start=\"1\" data-parallax-zoom-end=\"1\" data-parallax-blur-start=\"0\" data-parallax-blur-end=\"0\" data-parallax-opacity-start=\"1\" data-parallax-opacity-end=\"1\" style=\" background-image:url(&#039;https:\/\/www.chillidivi.sk\/wp-content\/uploads\/2020\/11\/mirec_family_24-e1605399309592.jpg&#039;);\"><\/div><\/div><div class=\"bt_bb_port\"><div class=\"bt_bb_cell\"><div class=\"bt_bb_cell_inner\"><div class=\"bt_bb_row_wrapper\"><div  class=\"bt_bb_row\"  data-bt-override-class=\"{}\"><div  class=\"bt_bb_column col-xxl-6 col-xl-6 bt_bb_vertical_align_top bt_bb_align_left bt_bb_padding_normal\"  data-width=\"6\" data-bt-override-class=\"{}\"><div class=\"bt_bb_column_content\"><div class=\"bt_bb_column_content_inner\"><div class=\"bt_bb_separator bt_bb_border_style_none bt_bb_top_spacing_medium\" data-bt-override-class=\"null\"><\/div><header class=\"bt_bb_headline bt_bb_dash_none bt_bb_subheadline bt_bb_size_normal bt_bb_align_inherit\" style=\";color:#000000;border-color:#000000;\" data-bt-override-class=\"{}\"><h1 class=\"bt_bb_headline_tag\"><span class=\"bt_bb_headline_content\"><span>PRE NOV\u00da SEZ\u00d3NU<\/span><\/span><\/h1><div class=\"bt_bb_headline_subheadline\">Ver\u00edm \u017ee, si vyberiete t\u00fa spr\u00e1vnu \u0161tiplavinku.<\/div><\/header><\/div><\/div><\/div><div  class=\"bt_bb_column col-xxl-6 col-xl-6 bt_bb_vertical_align_top bt_bb_align_left bt_bb_padding_normal\"  data-width=\"6\" data-bt-override-class=\"{}\"><div class=\"bt_bb_column_content\"><div class=\"bt_bb_column_content_inner\"><\/div><\/div><\/div><\/div><\/div><\/div><!-- cell_inner --><\/div><!-- cell --><\/div><!-- port --><\/section><section id=\"bt_bb_section69ecd172219e0\" class=\"bt_bb_section bt_bb_layout_boxed_1200 bt_bb_vertical_align_top bt_bb_top_spacing_large bt_bb_bottom_spacing_medium\"  data-bt-override-class=\"null\"><div class=\"bt_bb_port\"><div class=\"bt_bb_cell\"><div class=\"bt_bb_cell_inner\"><div class=\"bt_bb_row_wrapper\"><div  class=\"bt_bb_row bt_bb_column_gap_20\"  data-bt-override-class=\"{}\"><div  class=\"bt_bb_column col-xxl-6 col-xl-6 bt_bb_vertical_align_middle bt_bb_align_center bt_bb_padding_normal bt_bb_animation_fade_in animate\"  data-width=\"6\" data-bt-override-class=\"{}\"><div class=\"bt_bb_column_content\" style=\"background-color:rgba(229, 229, 229, 1);\"><div class=\"bt_bb_column_content_inner\"><div class=\"bt_bb_image bt_bb_shape_square bt_bb_target_self bt_bb_align_inherit bt_bb_hover_style_simple bt_bb_content_display_always bt_bb_content_align_middle\" data-bt-override-class=\"{}\"><span><img width=\"852\" height=\"784\" src=\"https:\/\/www.chillidivi.sk\/wp-content\/uploads\/2021\/01\/chilli-semiac\u030cka.jpg\" class=\"attachment-full size-full\" alt=\"https:\/\/www.chillidivi.sk\/wp-content\/uploads\/2021\/01\/chilli-semiac\u030cka.jpg\" data-full_image_src=\"https:\/\/www.chillidivi.sk\/wp-content\/uploads\/2021\/01\/chilli-semiac\u030cka.jpg\" title=\"chilli semiac\u030cka\" srcset=\"https:\/\/www.chillidivi.sk\/wp-content\/uploads\/2021\/01\/chilli-semiac\u030cka.jpg 852w, https:\/\/www.chillidivi.sk\/wp-content\/uploads\/2021\/01\/chilli-semiac\u030cka-640x589.jpg 640w, https:\/\/www.chillidivi.sk\/wp-content\/uploads\/2021\/01\/chilli-semiac\u030cka-768x707.jpg 768w, https:\/\/www.chillidivi.sk\/wp-content\/uploads\/2021\/01\/chilli-semiac\u030cka-320x294.jpg 320w, https:\/\/www.chillidivi.sk\/wp-content\/uploads\/2021\/01\/chilli-semiac\u030cka-600x552.jpg 600w\" sizes=\"(max-width: 852px) 100vw, 852px\" \/><\/span><\/div><\/div><\/div><\/div><div  class=\"bt_bb_column col-xxl-6 col-xl-6 bt_bb_vertical_align_top bt_bb_align_left bt_bb_padding_double bt_bb_animation_fade_in animate\"  data-width=\"6\" data-bt-override-class=\"{}\"><div class=\"bt_bb_column_content\"><div class=\"bt_bb_column_content_inner\"><div class=\"bt_bb_separator bt_bb_border_style_none bt_bb_bottom_spacing_medium\" data-bt-override-class=\"null\"><\/div><header class=\"bt_bb_headline bt_bb_color_scheme_5 bt_bb_dash_none bt_bb_size_normal bt_bb_align_inherit\" style=\"; --primary-color:#191919; --secondary-color:#ea8400;\" data-bt-override-class=\"{}\"><h2 class=\"bt_bb_headline_tag\"><span class=\"bt_bb_headline_content\"><span>3 \u20ac semienka<\/span><\/span><\/h2><\/header><div class=\"bt_bb_separator bt_bb_border_style_none bt_bb_bottom_spacing_medium\" data-bt-override-class=\"null\"><\/div><header class=\"bt_bb_headline bt_bb_dash_none bt_bb_subheadline bt_bb_size_small bt_bb_align_inherit\" data-bt-override-class=\"{}\"><h3 class=\"bt_bb_headline_tag\"><span class=\"bt_bb_headline_content\"><span>Druhy<\/span><\/span><\/h3><div class=\"bt_bb_headline_subheadline\"> Habanero Red<br \/>\r\nHabanero Red Savina<br \/>\r\nHabanero Orange<br \/>\r\nHabanero Lemon<br \/>\r\nHabanero Brown Chocolate<br \/>\r\nHabanero White - NOVINKA<br \/>\r\nHabanero Baby<br \/>\r\nMachu Pichu<br \/>\r\nThai Hot<br \/>\r\nYucatan<br \/>\r\nAzteco<br \/>\r\nBirds Eye<br \/>\r\nPhoentia<br \/>\r\nHungarian Wax<br \/>\r\nBlack Olive<br \/>\r\nZimbabwe Devil<br \/>\r\nJalapeno Mamut<br \/>\r\nJalapeno<br \/>\r\nRawit<br \/>\r\nFire Flame<br \/>\r\nCayen<br \/>\r\nElephant Trunk - NOVINKA <\/div><\/header><div class=\"bt_bb_separator bt_bb_border_style_none bt_bb_top_spacing_normal\" data-bt-override-class=\"null\"><\/div><\/div><\/div><\/div><\/div><\/div><div class=\"bt_bb_row_wrapper\"><div  class=\"bt_bb_row\"  data-bt-override-class=\"{}\"><div  class=\"bt_bb_column col-xxl-12 col-xl-12 bt_bb_vertical_align_top bt_bb_align_left bt_bb_padding_normal\"  data-width=\"12\" data-bt-override-class=\"{}\"><div class=\"bt_bb_column_content\"><div class=\"bt_bb_column_content_inner\"><div class=\"bt_bb_separator bt_bb_border_style_none bt_bb_top_spacing_medium\" data-bt-override-class=\"null\"><\/div><\/div><\/div><\/div><\/div><\/div><div class=\"bt_bb_row_wrapper\"><div  class=\"bt_bb_row bt_bb_column_gap_20\"  data-bt-override-class=\"{}\"><div  class=\"bt_bb_column col-xxl-6 col-xl-6 bt_bb_vertical_align_middle bt_bb_align_center bt_bb_padding_double bt_bb_animation_fade_in animate\"  data-width=\"6\" data-bt-override-class=\"{}\"><div class=\"bt_bb_column_content\"><div class=\"bt_bb_column_content_inner\"><div class=\"bt_bb_separator bt_bb_border_style_none bt_bb_top_spacing_medium\" data-bt-override-class=\"null\"><\/div><div class=\"bt_bb_image bt_bb_shape_square bt_bb_target_self bt_bb_align_inherit bt_bb_hover_style_simple bt_bb_content_display_always bt_bb_content_align_middle\" data-bt-override-class=\"{}\"><span><img width=\"1000\" height=\"655\" src=\"https:\/\/www.chillidivi.sk\/wp-content\/uploads\/2021\/01\/ricardo-gomez-angel-I5XthC605H0-unsplash.jpg\" class=\"attachment-full size-full\" alt=\"https:\/\/www.chillidivi.sk\/wp-content\/uploads\/2021\/01\/ricardo-gomez-angel-I5XthC605H0-unsplash.jpg\" data-full_image_src=\"https:\/\/www.chillidivi.sk\/wp-content\/uploads\/2021\/01\/ricardo-gomez-angel-I5XthC605H0-unsplash.jpg\" title=\"ricardo-gomez-angel-I5XthC605H0-unsplash\" srcset=\"https:\/\/www.chillidivi.sk\/wp-content\/uploads\/2021\/01\/ricardo-gomez-angel-I5XthC605H0-unsplash.jpg 1000w, https:\/\/www.chillidivi.sk\/wp-content\/uploads\/2021\/01\/ricardo-gomez-angel-I5XthC605H0-unsplash-640x419.jpg 640w, https:\/\/www.chillidivi.sk\/wp-content\/uploads\/2021\/01\/ricardo-gomez-angel-I5XthC605H0-unsplash-768x503.jpg 768w, https:\/\/www.chillidivi.sk\/wp-content\/uploads\/2021\/01\/ricardo-gomez-angel-I5XthC605H0-unsplash-320x210.jpg 320w, https:\/\/www.chillidivi.sk\/wp-content\/uploads\/2021\/01\/ricardo-gomez-angel-I5XthC605H0-unsplash-600x393.jpg 600w\" sizes=\"(max-width: 1000px) 100vw, 1000px\" \/><\/span><\/div><div class=\"bt_bb_separator bt_bb_border_style_none bt_bb_top_spacing_medium\" data-bt-override-class=\"null\"><\/div><\/div><\/div><\/div><div  class=\"bt_bb_column col-xxl-6 col-xl-6 bt_bb_vertical_align_middle bt_bb_align_center bt_bb_padding_normal bt_bb_animation_fade_in animate\"  data-width=\"6\" data-bt-override-class=\"{}\"><div class=\"bt_bb_column_content\" style=\"background-color:rgba(229, 229, 229, 1);\"><div class=\"bt_bb_column_content_inner\"><div class=\"bt_bb_image bt_bb_shape_square bt_bb_target_self bt_bb_align_inherit bt_bb_hover_style_simple bt_bb_content_display_always bt_bb_content_align_middle\" data-bt-override-class=\"{}\"><span><img width=\"1200\" height=\"1046\" src=\"https:\/\/www.chillidivi.sk\/wp-content\/uploads\/2021\/01\/sonja-punz-wVTtapquBC0-unsplash.jpg\" class=\"attachment-full size-full\" alt=\"https:\/\/www.chillidivi.sk\/wp-content\/uploads\/2021\/01\/sonja-punz-wVTtapquBC0-unsplash.jpg\" data-full_image_src=\"https:\/\/www.chillidivi.sk\/wp-content\/uploads\/2021\/01\/sonja-punz-wVTtapquBC0-unsplash.jpg\" title=\"sonja-punz-wVTtapquBC0-unsplash\" srcset=\"https:\/\/www.chillidivi.sk\/wp-content\/uploads\/2021\/01\/sonja-punz-wVTtapquBC0-unsplash.jpg 1200w, https:\/\/www.chillidivi.sk\/wp-content\/uploads\/2021\/01\/sonja-punz-wVTtapquBC0-unsplash-640x558.jpg 640w, https:\/\/www.chillidivi.sk\/wp-content\/uploads\/2021\/01\/sonja-punz-wVTtapquBC0-unsplash-768x669.jpg 768w, https:\/\/www.chillidivi.sk\/wp-content\/uploads\/2021\/01\/sonja-punz-wVTtapquBC0-unsplash-320x279.jpg 320w, https:\/\/www.chillidivi.sk\/wp-content\/uploads\/2021\/01\/sonja-punz-wVTtapquBC0-unsplash-600x523.jpg 600w\" sizes=\"(max-width: 1200px) 100vw, 1200px\" \/><\/span><\/div><div class=\"bt_bb_separator bt_bb_border_style_none bt_bb_top_spacing_medium\" data-bt-override-class=\"null\"><\/div><\/div><\/div><\/div><\/div><\/div><\/div><!-- cell_inner --><\/div><!-- cell --><\/div><!-- port --><\/section><section id=\"bt_bb_section69ecd1722470e\" class=\"bt_bb_section bt_bb_layout_boxed_1200 bt_bb_vertical_align_top bt_bb_bottom_spacing_large\"  data-bt-override-class=\"null\"><div class=\"bt_bb_port\"><div class=\"bt_bb_cell\"><div class=\"bt_bb_cell_inner\"><div class=\"bt_bb_row_wrapper\"><div  class=\"bt_bb_row bt_bb_column_gap_20\"  data-bt-override-class=\"{}\"><div  class=\"bt_bb_column col-xxl-6 col-xl-6 bt_bb_vertical_align_top bt_bb_align_center bt_bb_padding_normal bt_bb_animation_fade_in animate\"  data-width=\"6\" data-bt-override-class=\"{}\"><div class=\"bt_bb_column_content\"><div class=\"bt_bb_column_content_inner\"><div class=\"bt_bb_image bt_bb_shape_square bt_bb_target_self bt_bb_align_inherit bt_bb_hover_style_simple bt_bb_content_display_always bt_bb_content_align_middle\" data-bt-override-class=\"{}\"><span><img width=\"1200\" height=\"800\" src=\"https:\/\/www.chillidivi.sk\/wp-content\/uploads\/2021\/01\/raphael-maksian-5XnDqPl5ldk-unsplash.jpg\" class=\"attachment-full size-full\" alt=\"https:\/\/www.chillidivi.sk\/wp-content\/uploads\/2021\/01\/raphael-maksian-5XnDqPl5ldk-unsplash.jpg\" data-full_image_src=\"https:\/\/www.chillidivi.sk\/wp-content\/uploads\/2021\/01\/raphael-maksian-5XnDqPl5ldk-unsplash.jpg\" title=\"raphael-maksian-5XnDqPl5ldk-unsplash\" srcset=\"https:\/\/www.chillidivi.sk\/wp-content\/uploads\/2021\/01\/raphael-maksian-5XnDqPl5ldk-unsplash.jpg 1200w, https:\/\/www.chillidivi.sk\/wp-content\/uploads\/2021\/01\/raphael-maksian-5XnDqPl5ldk-unsplash-640x427.jpg 640w, https:\/\/www.chillidivi.sk\/wp-content\/uploads\/2021\/01\/raphael-maksian-5XnDqPl5ldk-unsplash-768x512.jpg 768w, https:\/\/www.chillidivi.sk\/wp-content\/uploads\/2021\/01\/raphael-maksian-5XnDqPl5ldk-unsplash-320x213.jpg 320w, https:\/\/www.chillidivi.sk\/wp-content\/uploads\/2021\/01\/raphael-maksian-5XnDqPl5ldk-unsplash-600x400.jpg 600w\" sizes=\"(max-width: 1200px) 100vw, 1200px\" \/><\/span><\/div><\/div><\/div><\/div><div  class=\"bt_bb_column col-xxl-6 col-xl-6 bt_bb_vertical_align_top bt_bb_align_left bt_bb_padding_double bt_bb_animation_fade_in animate\"  data-width=\"6\" data-bt-override-class=\"{}\"><div class=\"bt_bb_column_content\"><div class=\"bt_bb_column_content_inner\"><div class=\"bt_bb_separator bt_bb_border_style_none bt_bb_bottom_spacing_medium\" data-bt-override-class=\"null\"><\/div><header class=\"bt_bb_headline bt_bb_color_scheme_5 bt_bb_dash_none bt_bb_size_normal bt_bb_align_inherit\" style=\"; --primary-color:#191919; --secondary-color:#ea8400;\" data-bt-override-class=\"{}\"><h2 class=\"bt_bb_headline_tag\"><span class=\"bt_bb_headline_content\"><span>4 \u20ac semienka<\/span><\/span><\/h2><\/header><div class=\"bt_bb_separator bt_bb_border_style_none bt_bb_bottom_spacing_medium\" data-bt-override-class=\"null\"><\/div><header class=\"bt_bb_headline bt_bb_dash_none bt_bb_subheadline bt_bb_size_small bt_bb_align_inherit\" data-bt-override-class=\"{}\"><h3 class=\"bt_bb_headline_tag\"><span class=\"bt_bb_headline_content\"><span>Druhy<\/span><\/span><\/h3><div class=\"bt_bb_headline_subheadline\"> Dragon Breath<br \/>\r\nCarolina Reaper<br \/>\r\nCarolina Leopard - NOVINKA<br \/>\r\nMoruga Scorpion Red<br \/>\r\nMoruga Scorpion Yellow<br \/>\r\nMoruga Scorpion Brown<br \/>\r\nSephia Serpent - NOVINKA<br \/>\r\nBig Black Mama<br \/>\r\nBhut Jolokia Red<br \/>\r\nNaga Morich<br \/>\r\nNaga Viper<br \/>\r\nFatali Yellow<\/div><\/header><div class=\"bt_bb_separator bt_bb_border_style_none bt_bb_top_spacing_normal\" data-bt-override-class=\"null\"><\/div><\/div><\/div><\/div><\/div><\/div><\/div><!-- cell_inner --><\/div><!-- cell --><\/div><!-- port --><\/section>","protected":false},"excerpt":{"rendered":"","protected":false},"author":1,"featured_media":0,"parent":0,"menu_order":0,"comment_status":"closed","ping_status":"closed","template":"","meta":{"_mi_skip_tracking":false},"yoast_head":"<!-- This site is optimized with the Yoast SEO plugin v15.9.2 - https:\/\/yoast.com\/wordpress\/plugins\/seo\/ -->\n<title>Products - chillidivi<\/title>\n<meta name=\"robots\" content=\"index, follow, max-snippet:-1, max-image-preview:large, max-video-preview:-1\" \/>\n<link rel=\"canonical\" href=\"https:\/\/www.chillidivi.sk\/?page_id=1605\" \/>\n<meta property=\"og:locale\" content=\"sk_SK\" \/>\n<meta property=\"og:type\" content=\"article\" \/>\n<meta property=\"og:title\" content=\"Products - chillidivi\" \/>\n<meta property=\"og:url\" content=\"https:\/\/www.chillidivi.sk\/?page_id=1605\" \/>\n<meta property=\"og:site_name\" content=\"chillidivi\" \/>\n<meta property=\"article:publisher\" content=\"https:\/\/www.facebook.com\/Chilli-farma-Div%c3%adn-167433027231322\" \/>\n<meta property=\"article:modified_time\" content=\"2021-01-18T00:22:27+00:00\" \/>\n<meta name=\"twitter:card\" content=\"summary_large_image\" \/>\n<meta name=\"twitter:label1\" content=\"Predpokladan\u00fd \u010das \u010d\u00edtania\">\n\t<meta name=\"twitter:data1\" content=\"6 min\u00fat\">\n<script type=\"application\/ld+json\" class=\"yoast-schema-graph\">{\"@context\":\"https:\/\/schema.org\",\"@graph\":[{\"@type\":\"WebSite\",\"@id\":\"https:\/\/www.chillidivi.sk\/#website\",\"url\":\"https:\/\/www.chillidivi.sk\/\",\"name\":\"chillidivi\",\"description\":\"\\u010dili produkty z farmy\",\"potentialAction\":[{\"@type\":\"SearchAction\",\"target\":\"https:\/\/www.chillidivi.sk\/?s={search_term_string}\",\"query-input\":\"required name=search_term_string\"}],\"inLanguage\":\"sk-SK\"},{\"@type\":\"WebPage\",\"@id\":\"https:\/\/www.chillidivi.sk\/?page_id=1605#webpage\",\"url\":\"https:\/\/www.chillidivi.sk\/?page_id=1605\",\"name\":\"Products - chillidivi\",\"isPartOf\":{\"@id\":\"https:\/\/www.chillidivi.sk\/#website\"},\"datePublished\":\"2017-06-16T13:09:23+00:00\",\"dateModified\":\"2021-01-18T00:22:27+00:00\",\"breadcrumb\":{\"@id\":\"https:\/\/www.chillidivi.sk\/?page_id=1605#breadcrumb\"},\"inLanguage\":\"sk-SK\",\"potentialAction\":[{\"@type\":\"ReadAction\",\"target\":[\"https:\/\/www.chillidivi.sk\/?page_id=1605\"]}]},{\"@type\":\"BreadcrumbList\",\"@id\":\"https:\/\/www.chillidivi.sk\/?page_id=1605#breadcrumb\",\"itemListElement\":[{\"@type\":\"ListItem\",\"position\":1,\"item\":{\"@type\":\"WebPage\",\"@id\":\"https:\/\/www.chillidivi.sk\/\",\"url\":\"https:\/\/www.chillidivi.sk\/\",\"name\":\"Home\"}},{\"@type\":\"ListItem\",\"position\":2,\"item\":{\"@type\":\"WebPage\",\"@id\":\"https:\/\/www.chillidivi.sk\/?page_id=1605\",\"url\":\"https:\/\/www.chillidivi.sk\/?page_id=1605\",\"name\":\"Products\"}}]}]}<\/script>\n<!-- \/ Yoast SEO plugin. -->","_links":{"self":[{"href":"https:\/\/www.chillidivi.sk\/index.php?rest_route=\/wp\/v2\/pages\/1605"}],"collection":[{"href":"https:\/\/www.chillidivi.sk\/index.php?rest_route=\/wp\/v2\/pages"}],"about":[{"href":"https:\/\/www.chillidivi.sk\/index.php?rest_route=\/wp\/v2\/types\/page"}],"author":[{"embeddable":true,"href":"https:\/\/www.chillidivi.sk\/index.php?rest_route=\/wp\/v2\/users\/1"}],"replies":[{"embeddable":true,"href":"https:\/\/www.chillidivi.sk\/index.php?rest_route=%2Fwp%2Fv2%2Fcomments&post=1605"}],"version-history":[{"count":6,"href":"https:\/\/www.chillidivi.sk\/index.php?rest_route=\/wp\/v2\/pages\/1605\/revisions"}],"predecessor-version":[{"id":2513,"href":"https:\/\/www.chillidivi.sk\/index.php?rest_route=\/wp\/v2\/pages\/1605\/revisions\/2513"}],"wp:attachment":[{"href":"https:\/\/www.chillidivi.sk\/index.php?rest_route=%2Fwp%2Fv2%2Fmedia&parent=1605"}],"curies":[{"name":"wp","href":"https:\/\/api.w.org\/{rel}","templated":true}]}}