{"id":1236,"date":"2017-06-07T15:03:58","date_gmt":"2017-06-07T15:03:58","guid":{"rendered":"http:\/\/handmade.omnicom-dev.com\/manufactura\/?page_id=1236"},"modified":"2020-12-07T03:07:39","modified_gmt":"2020-12-07T02:07:39","slug":"about-us","status":"publish","type":"page","link":"https:\/\/www.chillidivi.sk\/?page_id=1236","title":{"rendered":"O n\u00e1s"},"content":{"rendered":"<section id=\"bt_bb_section69ecbc18eaeaa\" class=\"bt_bb_section bt_bb_color_scheme_1 bt_bb_layout_boxed_1200 bt_bb_full_screen bt_bb_vertical_align_bottom bt_bb_top_spacing_large bt_bb_bottom_spacing_large\" style=\"; --section-primary-color:#ffffff; --section-secondary-color:#191919;\" data-bt-override-class=\"null\"><div class=\"bt_bb_background_image_holder_wrapper\"><div class=\"bt_bb_background_image_holder btLazyLoadBackground bt_bb_parallax\"  data-background_image_src=\"https:\/\/www.chillidivi.sk\/wp-content\/uploads\/2020\/11\/mirec_family_25-e1605397927859.jpg\" data-parallax=\"0.7\" data-parallax-offset=\"0\" data-parallax-zoom-start=\"1\" data-parallax-zoom-end=\"1\" data-parallax-blur-start=\"0\" data-parallax-blur-end=\"0\" data-parallax-opacity-start=\"1\" data-parallax-opacity-end=\"1\" style=\" background-image: url(&#039;https:\/\/www.chillidivi.sk\/wp-content\/plugins\/bold-page-builder\/img\/blank.gif&#039;);\"><\/div><\/div><div class=\"bt_bb_port\"><div class=\"bt_bb_cell\"><div class=\"bt_bb_cell_inner\"><div class=\"bt_bb_row_wrapper\"><div  class=\"bt_bb_row\"  data-bt-override-class=\"{}\"><div  class=\"bt_bb_column col-xxl-6 col-xl-6 bt_bb_vertical_align_top bt_bb_align_left bt_bb_padding_normal\"  data-width=\"6\" data-bt-override-class=\"{}\"><div class=\"bt_bb_column_content\"><div class=\"bt_bb_column_content_inner\"><div class=\"bt_bb_separator bt_bb_border_style_none bt_bb_top_spacing_medium\" data-bt-override-class=\"null\"><\/div><header class=\"bt_bb_headline bt_bb_dash_none bt_bb_subheadline bt_bb_size_normal bt_bb_align_inherit\" data-bt-override-class=\"{}\"><h1 class=\"bt_bb_headline_tag\"><span class=\"bt_bb_headline_content\"><span>N\u00c1\u0160 PR\u00cdBEH<\/span><\/span><\/h1><div class=\"bt_bb_headline_subheadline\">N\u00e1\u0161 \u017eivot, na\u0161a rados\u0165, na\u0161e \u010dili.<\/div><\/header><\/div><\/div><\/div><div  class=\"bt_bb_column col-xxl-6 col-xl-6 bt_bb_vertical_align_top bt_bb_align_left bt_bb_padding_normal\"  data-width=\"6\" data-bt-override-class=\"{}\"><div class=\"bt_bb_column_content\"><div class=\"bt_bb_column_content_inner\"><\/div><\/div><\/div><\/div><\/div><\/div><!-- cell_inner --><\/div><!-- cell --><\/div><!-- port --><\/section><section id=\"bt_bb_section69ecbc18eb191\" class=\"bt_bb_section bt_bb_layout_boxed_1200 bt_bb_vertical_align_top bt_bb_top_spacing_large bt_bb_bottom_spacing_large\"  data-bt-override-class=\"null\"><div class=\"bt_bb_port\"><div class=\"bt_bb_cell\"><div class=\"bt_bb_cell_inner\"><div class=\"bt_bb_row_wrapper\"><div  class=\"bt_bb_row bt_bb_column_gap_0\"  data-bt-override-class=\"{}\"><div  class=\"bt_bb_column col-xxl-6 col-xl-6 bt_bb_vertical_align_top bt_bb_align_center bt_bb_padding_normal bt_bb_animation_fade_in animate\"  data-width=\"6\" data-bt-override-class=\"{}\"><div class=\"bt_bb_column_content\"><div class=\"bt_bb_column_content_inner\"><div class=\"bt_bb_image bt_bb_shape_square bt_bb_target_self bt_bb_align_inherit bt_bb_hover_style_simple bt_bb_content_display_always bt_bb_content_align_middle\" data-bt-override-class=\"{}\"><span><img width=\"1106\" height=\"999\" src=\"https:\/\/www.chillidivi.sk\/wp-content\/uploads\/2020\/11\/mirec_family_15-e1605398345656.jpg\" class=\"attachment-full size-full\" alt=\"https:\/\/www.chillidivi.sk\/wp-content\/uploads\/2020\/11\/mirec_family_15-e1605398345656.jpg\" data-full_image_src=\"https:\/\/www.chillidivi.sk\/wp-content\/uploads\/2020\/11\/mirec_family_15-e1605398345656.jpg\" title=\"mirec_family_15\" srcset=\"https:\/\/www.chillidivi.sk\/wp-content\/uploads\/2020\/11\/mirec_family_15-e1605398345656.jpg 1106w, https:\/\/www.chillidivi.sk\/wp-content\/uploads\/2020\/11\/mirec_family_15-e1605398345656-640x578.jpg 640w, https:\/\/www.chillidivi.sk\/wp-content\/uploads\/2020\/11\/mirec_family_15-e1605398345656-768x694.jpg 768w, https:\/\/www.chillidivi.sk\/wp-content\/uploads\/2020\/11\/mirec_family_15-e1605398345656-320x289.jpg 320w, https:\/\/www.chillidivi.sk\/wp-content\/uploads\/2020\/11\/mirec_family_15-e1605398345656-600x542.jpg 600w\" sizes=\"(max-width: 1106px) 100vw, 1106px\" \/><\/span><\/div><\/div><\/div><\/div><div  class=\"bt_bb_column col-xxl-6 col-xl-6 bt_bb_vertical_align_middle bt_bb_align_left bt_bb_padding_text_indent bt_bb_animation_fade_in animate\"  data-width=\"6\" data-bt-override-class=\"{}\"><div class=\"bt_bb_column_content\"><div class=\"bt_bb_column_content_inner\"><div class=\"bt_bb_separator bt_bb_border_style_none bt_bb_bottom_spacing_normal\" data-bt-override-class=\"null\"><\/div><header class=\"bt_bb_headline bt_bb_dash_none bt_bb_size_small bt_bb_align_inherit\" data-bt-override-class=\"{}\"><h3 class=\"bt_bb_headline_tag\"><span class=\"bt_bb_headline_content\"><span>Miroslav Ko\u017euch<\/span><\/span><\/h3><\/header><div class=\"bt_bb_separator bt_bb_border_style_none bt_bb_top_spacing_normal\" data-bt-override-class=\"null\"><\/div><div  class=\"bt_bb_text\" ><p>Sme mlad\u00e1 rodina, ktor\u00e1 sa rozhodla opusti\u0165 ruch ve\u013ekomesta a vr\u00e1tila sa ku k\u013eudnej\u0161iemu sp\u00f4sobu \u017eivota. Za\u010dalo to pestovan\u00edm zeleniny pre vlastn\u00fa spotrebu. Ked\u017ee sme sa vr\u00e1tili na Slovensko po dos\u0165 dlhej dobe, na za\u010diatok som sa zamestnal v miestnej re\u0161taur\u00e1cii. Tam za\u010dali na\u0161e dod\u00e1vky sez\u00f3nnej zeleniny. Ked\u017ee som ve\u013ek\u00fd milovn\u00edk \u010dili papri\u010diek, zameral som sa na t\u00fato pre m\u0148a \u00fa\u017easn\u00fa plodinu. Tak vznikla v roku 2017 na\u0161a \u010dili farma v Div\u00edne s n\u00e1zvom Chillidivi. Odrody prib\u00fadali a moment\u00e1lne pestujem 52 druhov \u010dili z cel\u00e9ho sveta. Pre ka\u017ed\u00e9ho zn\u00e1me jalape\u0148o \u010di habanero zo strednej \u010dasti americk\u00e9ho kontinentu, papri\u010dky z Karibsk\u00fdch ostrovov, ju\u017en\u00e1 amerika a jej zn\u00e1ma kajensk\u00e1 paprika. Zast\u00fapenie odr\u00f4d v mojej zbierke, ktor\u00e1 sa z p\u00e1r druhov r\u00fdchlo rozr\u00e1stla, maj\u00fa aj odrody z Afriky, \u00c1zie \u010di Eur\u00f3py. \u017diarivou z\u00e1plavou plodov v lete osl\u0148uj\u00fa a na jese\u0148 ich fantastick\u00e1 rozmanitos\u0165 vyraz\u00ed dych nielen mne, ale aj n\u00e1v\u0161tevn\u00edkom na\u0161ej farmy.<\/p>\n<p>Recept\u00fara na\u0161ich produktov vznikala postupn\u00fdm dola\u010fovan\u00edm chut\u00ed. Suroviny s\u00fa z na\u0161ej z\u00e1hrady a v\u0161etky s\u00fa pestovan\u00e9 organicky. V ponuke produktov s\u00fa pasty, poch\u00fa\u0165ky, pomaz\u00e1nky, d\u017eemy, \u010datn\u00ed a su\u0161en\u00e9 mlet\u00e9 \u010dili korenia. V\u0161etky na\u0161e v\u00fdrobky s\u00fa bez konzervantov a s\u00fa pasterizovan\u00e9. Na jar pon\u00fakame priesady k vyzdvihnutiu pre na\u0161ich z\u00e1kazn\u00edkov rovno z na\u0161ej farmy.<\/p>\n<p>Ver\u00edm, \u017ee si vyberiete z na\u0161ej \u010dili ponuky.<\/p>\n<\/div><div class=\"bt_bb_separator bt_bb_border_style_solid bt_bb_top_spacing_normal bt_bb_bottom_spacing_normal\" data-bt-override-class=\"null\"><\/div><div class=\"bt_bb_button bt_bb_color_scheme_3 bt_bb_icon_position_left bt_bb_style_clean bt_bb_size_small bt_bb_width_inline bt_bb_shape_inherit bt_bb_target_self bt_bb_align_inherit\" style=\"; --primary-color:#ea8400; --secondary-color:#191919;\" data-bt-override-class=\"{}\"><a href=\"https:\/\/www.chillidivi.sk\/galeria-chillidivi\/ \" target=\"_self\" class=\"bt_bb_link\" title=\"POZRI GAL\u00c9RIU\"><span class=\"bt_bb_button_text\" >POZRI GAL\u00c9RIU<\/span><\/a><\/div><div class=\"bt_bb_icon bt_bb_color_scheme_3 bt_bb_style_borderless bt_bb_size_small bt_bb_shape_circle bt_bb_target_self bt_bb_text_empty bt_bb_align_right\" style=\"; --primary-color:#ea8400; --secondary-color:#191919;\" data-bt-override-class=\"{}\"><a href=\"https:\/\/www.instagram.com\/chillidivi\/\"  target=\"_self\"   data-ico-fontawesome=\"&#xf16d;\" class=\"bt_bb_icon_holder\"><\/a><\/div><div class=\"bt_bb_icon bt_bb_color_scheme_3 bt_bb_style_borderless bt_bb_size_small bt_bb_shape_circle bt_bb_target_blank bt_bb_text_empty bt_bb_align_right\" style=\"; --primary-color:#ea8400; --secondary-color:#191919;\" data-bt-override-class=\"{}\"><a href=\"https:\/\/www.facebook.com\/Chilli-farma-Div%C3%ADn-167433027231322\"  target=\"_blank\"   data-ico-fontawesome=\"&#xf09a;\" class=\"bt_bb_icon_holder\"><\/a><\/div><\/div><\/div><\/div><\/div><\/div><div class=\"bt_bb_row_wrapper\"><div  class=\"bt_bb_row bt_bb_column_gap_0\"  data-bt-override-class=\"{}\"><\/div><\/div><\/div><!-- cell_inner --><\/div><!-- cell --><\/div><!-- port --><\/section><section id=\"bt_bb_section69ecbc18edd73\" class=\"bt_bb_section bt_bb_layout_boxed_1200 bt_bb_vertical_align_top bt_bb_top_spacing_small bt_bb_bottom_spacing_small\"  data-bt-override-class=\"null\"><div class=\"bt_bb_port\"><div class=\"bt_bb_cell\"><div class=\"bt_bb_cell_inner\"><div class=\"bt_bb_row_wrapper\"><div  class=\"bt_bb_row bt_bb_column_gap_20\"  data-bt-override-class=\"{}\"><div  class=\"bt_bb_column col-xxl-6 col-xl-6 bt_bb_vertical_align_middle bt_bb_align_center bt_bb_padding_double bt_bb_animation_fade_in animate\"  data-width=\"6\" data-bt-override-class=\"{}\"><div class=\"bt_bb_column_content\"><div class=\"bt_bb_column_content_inner\"><header class=\"bt_bb_headline bt_bb_color_scheme_5 bt_bb_dash_none bt_bb_subheadline bt_bb_size_normal bt_bb_align_inherit\" style=\"; --primary-color:#191919; --secondary-color:#ea8400;\" data-bt-override-class=\"{}\"><h2 class=\"bt_bb_headline_tag\"><span class=\"bt_bb_headline_content\"><span>RUKAMI<br \/>\r\nV ZEMI<\/span><\/span><\/h2><div class=\"bt_bb_headline_subheadline\">Rob\u00edm \u010do ma bav\u00ed.<\/div><\/header><div class=\"bt_bb_separator bt_bb_border_style_none bt_bb_top_spacing_normal\" data-bt-override-class=\"null\"><\/div><div  class=\"bt_bb_text\" ><\/div><div class=\"bt_bb_separator bt_bb_border_style_none bt_bb_top_spacing_normal\" data-bt-override-class=\"null\"><\/div><div class=\"bt_bb_image bt_bb_shape_square bt_bb_target_self bt_bb_align_inherit bt_bb_hover_style_simple bt_bb_content_display_always bt_bb_content_align_middle\" data-bt-override-class=\"{}\"><span><img width=\"128\" height=\"44\" src=\"https:\/\/www.chillidivi.sk\/wp-content\/uploads\/2020\/11\/Mirco_podpis_web.png\" class=\"attachment-full size-full\" alt=\"https:\/\/www.chillidivi.sk\/wp-content\/uploads\/2020\/11\/Mirco_podpis_web.png\" data-full_image_src=\"https:\/\/www.chillidivi.sk\/wp-content\/uploads\/2020\/11\/Mirco_podpis_web.png\" title=\"Mirco_podpis_web\" \/><\/span><\/div><\/div><\/div><\/div><div  class=\"bt_bb_column col-xxl-6 col-xl-6 bt_bb_vertical_align_top bt_bb_align_center bt_bb_padding_normal\"  data-width=\"6\" data-bt-override-class=\"{}\"><div class=\"bt_bb_column_content\"><div class=\"bt_bb_column_content_inner\"><div class=\"bt_bb_image bt_bb_shape_square bt_bb_target_self bt_bb_align_inherit bt_bb_hover_style_simple bt_bb_content_display_always bt_bb_content_align_middle\" data-bt-override-class=\"{}\"><span><img width=\"590\" height=\"728\" src=\"https:\/\/www.chillidivi.sk\/wp-content\/uploads\/2020\/11\/cili_web_pic.jpg\" class=\"attachment-medium_large size-medium_large\" alt=\"https:\/\/www.chillidivi.sk\/wp-content\/uploads\/2020\/11\/cili_web_pic.jpg\" loading=\"lazy\" data-full_image_src=\"https:\/\/www.chillidivi.sk\/wp-content\/uploads\/2020\/11\/cili_web_pic.jpg\" title=\"cili_web_pic\" srcset=\"https:\/\/www.chillidivi.sk\/wp-content\/uploads\/2020\/11\/cili_web_pic.jpg 590w, https:\/\/www.chillidivi.sk\/wp-content\/uploads\/2020\/11\/cili_web_pic-320x395.jpg 320w\" sizes=\"(max-width: 590px) 100vw, 590px\" \/><\/span><\/div><\/div><\/div><\/div><\/div><\/div><\/div><!-- cell_inner --><\/div><!-- cell --><\/div><!-- port --><\/section>","protected":false},"excerpt":{"rendered":"<p>\t\t\t\tThis is an example page. It&#8217;s different from a blog post because it will stay in one place and will show up in your site navigation (in most themes).\t\t<\/p>\n","protected":false},"author":1,"featured_media":0,"parent":0,"menu_order":0,"comment_status":"closed","ping_status":"closed","template":"","meta":{"_mi_skip_tracking":false},"yoast_head":"<!-- This site is optimized with the Yoast SEO plugin v15.9.2 - https:\/\/yoast.com\/wordpress\/plugins\/seo\/ -->\n<title>O n\u00e1s - chillidivi<\/title>\n<meta name=\"robots\" content=\"index, follow, max-snippet:-1, max-image-preview:large, max-video-preview:-1\" \/>\n<link rel=\"canonical\" href=\"https:\/\/www.chillidivi.sk\/?page_id=1236\" \/>\n<meta property=\"og:locale\" content=\"sk_SK\" \/>\n<meta property=\"og:type\" content=\"article\" \/>\n<meta property=\"og:title\" content=\"O n\u00e1s - chillidivi\" \/>\n<meta property=\"og:description\" content=\"This is an example page. It&#039;s different from a blog post because it will stay in one place and will show up in your site navigation (in most themes).\" \/>\n<meta property=\"og:url\" content=\"https:\/\/www.chillidivi.sk\/?page_id=1236\" \/>\n<meta property=\"og:site_name\" content=\"chillidivi\" \/>\n<meta property=\"article:publisher\" content=\"https:\/\/www.facebook.com\/Chilli-farma-Div%c3%adn-167433027231322\" \/>\n<meta property=\"article:modified_time\" content=\"2020-12-07T02:07:39+00:00\" \/>\n<meta name=\"twitter:card\" content=\"summary_large_image\" \/>\n<meta name=\"twitter:label1\" content=\"Predpokladan\u00fd \u010das \u010d\u00edtania\">\n\t<meta name=\"twitter:data1\" content=\"6 min\u00fat\">\n<script type=\"application\/ld+json\" class=\"yoast-schema-graph\">{\"@context\":\"https:\/\/schema.org\",\"@graph\":[{\"@type\":\"WebSite\",\"@id\":\"https:\/\/www.chillidivi.sk\/#website\",\"url\":\"https:\/\/www.chillidivi.sk\/\",\"name\":\"chillidivi\",\"description\":\"\\u010dili produkty z farmy\",\"potentialAction\":[{\"@type\":\"SearchAction\",\"target\":\"https:\/\/www.chillidivi.sk\/?s={search_term_string}\",\"query-input\":\"required name=search_term_string\"}],\"inLanguage\":\"sk-SK\"},{\"@type\":\"WebPage\",\"@id\":\"https:\/\/www.chillidivi.sk\/?page_id=1236#webpage\",\"url\":\"https:\/\/www.chillidivi.sk\/?page_id=1236\",\"name\":\"O n\\u00e1s - chillidivi\",\"isPartOf\":{\"@id\":\"https:\/\/www.chillidivi.sk\/#website\"},\"datePublished\":\"2017-06-07T15:03:58+00:00\",\"dateModified\":\"2020-12-07T02:07:39+00:00\",\"breadcrumb\":{\"@id\":\"https:\/\/www.chillidivi.sk\/?page_id=1236#breadcrumb\"},\"inLanguage\":\"sk-SK\",\"potentialAction\":[{\"@type\":\"ReadAction\",\"target\":[\"https:\/\/www.chillidivi.sk\/?page_id=1236\"]}]},{\"@type\":\"BreadcrumbList\",\"@id\":\"https:\/\/www.chillidivi.sk\/?page_id=1236#breadcrumb\",\"itemListElement\":[{\"@type\":\"ListItem\",\"position\":1,\"item\":{\"@type\":\"WebPage\",\"@id\":\"https:\/\/www.chillidivi.sk\/\",\"url\":\"https:\/\/www.chillidivi.sk\/\",\"name\":\"Home\"}},{\"@type\":\"ListItem\",\"position\":2,\"item\":{\"@type\":\"WebPage\",\"@id\":\"https:\/\/www.chillidivi.sk\/?page_id=1236\",\"url\":\"https:\/\/www.chillidivi.sk\/?page_id=1236\",\"name\":\"O n\\u00e1s\"}}]}]}<\/script>\n<!-- \/ Yoast SEO plugin. -->","_links":{"self":[{"href":"https:\/\/www.chillidivi.sk\/index.php?rest_route=\/wp\/v2\/pages\/1236"}],"collection":[{"href":"https:\/\/www.chillidivi.sk\/index.php?rest_route=\/wp\/v2\/pages"}],"about":[{"href":"https:\/\/www.chillidivi.sk\/index.php?rest_route=\/wp\/v2\/types\/page"}],"author":[{"embeddable":true,"href":"https:\/\/www.chillidivi.sk\/index.php?rest_route=\/wp\/v2\/users\/1"}],"replies":[{"embeddable":true,"href":"https:\/\/www.chillidivi.sk\/index.php?rest_route=%2Fwp%2Fv2%2Fcomments&post=1236"}],"version-history":[{"count":7,"href":"https:\/\/www.chillidivi.sk\/index.php?rest_route=\/wp\/v2\/pages\/1236\/revisions"}],"predecessor-version":[{"id":2478,"href":"https:\/\/www.chillidivi.sk\/index.php?rest_route=\/wp\/v2\/pages\/1236\/revisions\/2478"}],"wp:attachment":[{"href":"https:\/\/www.chillidivi.sk\/index.php?rest_route=%2Fwp%2Fv2%2Fmedia&parent=1236"}],"curies":[{"name":"wp","href":"https:\/\/api.w.org\/{rel}","templated":true}]}}